{"id":11,"date":"2026-02-27T17:34:23","date_gmt":"2026-02-27T16:34:23","guid":{"rendered":"https:\/\/www.collab.thedogm.com\/commerces\/livres\/template1\/?page_id=11"},"modified":"2026-02-28T12:39:57","modified_gmt":"2026-02-28T11:39:57","slug":"accueil","status":"publish","type":"page","link":"https:\/\/www.collab.thedogm.com\/commerces\/livres\/template1\/","title":{"rendered":"Accueil"},"content":{"rendered":"\t\t<div data-elementor-type=\"wp-page\" data-elementor-id=\"11\" class=\"elementor elementor-11\">\n\t\t\t\t<div class=\"elementor-element elementor-element-2a0b896 e-flex e-con-boxed e-con e-parent\" data-id=\"2a0b896\" data-element_type=\"container\" data-e-type=\"container\" data-settings=\"{&quot;background_background&quot;:&quot;classic&quot;}\">\n\t\t\t\t\t<div class=\"e-con-inner\">\n\t\t<div class=\"elementor-element elementor-element-c7a850a e-con-full e-flex e-con e-child\" data-id=\"c7a850a\" data-element_type=\"container\" data-e-type=\"container\">\n\t\t\t\t<div class=\"elementor-element elementor-element-9984f23 elementor-widget elementor-widget-image\" data-id=\"9984f23\" data-element_type=\"widget\" data-e-type=\"widget\" data-widget_type=\"image.default\">\n\t\t\t\t\t\t\t\t\t\t\t\t\t\t\t<img fetchpriority=\"high\" decoding=\"async\" width=\"456\" height=\"698\" src=\"https:\/\/www.collab.thedogm.com\/commerces\/livres\/template1\/wp-content\/uploads\/2026\/02\/livre-1-1.png\" class=\"attachment-full size-full wp-image-79\" alt=\"\" srcset=\"https:\/\/www.collab.thedogm.com\/commerces\/livres\/template1\/wp-content\/uploads\/2026\/02\/livre-1-1.png 456w, https:\/\/www.collab.thedogm.com\/commerces\/livres\/template1\/wp-content\/uploads\/2026\/02\/livre-1-1-196x300.png 196w\" sizes=\"(max-width: 456px) 100vw, 456px\" \/>\t\t\t\t\t\t\t\t\t\t\t\t\t\t\t<\/div>\n\t\t\t\t<\/div>\n\t\t<div class=\"elementor-element elementor-element-d8c502a e-con-full e-flex e-con e-child\" data-id=\"d8c502a\" data-element_type=\"container\" data-e-type=\"container\">\n\t\t\t\t<div class=\"elementor-element elementor-element-e9927b7 elementor-widget__width-auto elementor-widget elementor-widget-text-editor\" data-id=\"e9927b7\" data-element_type=\"widget\" data-e-type=\"widget\" data-widget_type=\"text-editor.default\">\n\t\t\t\t\t\t\t\t\tDerni\u00e8re publication\t\t\t\t\t\t\t\t<\/div>\n\t\t\t\t<div class=\"elementor-element elementor-element-9fa317a elementor-widget elementor-widget-heading\" data-id=\"9fa317a\" data-element_type=\"widget\" data-e-type=\"widget\" data-widget_type=\"heading.default\">\n\t\t\t\t\t<h2 class=\"elementor-heading-title elementor-size-default\">Ici le titre du livre<\/h2>\t\t\t\t<\/div>\n\t\t\t\t<div class=\"elementor-element elementor-element-f515e94 elementor-widget elementor-widget-heading\" data-id=\"f515e94\" data-element_type=\"widget\" data-e-type=\"widget\" data-widget_type=\"heading.default\">\n\t\t\t\t\t<h2 class=\"elementor-heading-title elementor-size-default\">\"Une longue phrase d'accroche qui marque les esprits et qui donne une id\u00e9e sur le contenu du livre\"<\/h2>\t\t\t\t<\/div>\n\t\t\t\t<div class=\"elementor-element elementor-element-63c035b elementor-widget elementor-widget-text-editor\" data-id=\"63c035b\" data-element_type=\"widget\" data-e-type=\"widget\" data-widget_type=\"text-editor.default\">\n\t\t\t\t\t\t\t\t\t&#8211; L&rsquo;ami qui vous veut du bien\t\t\t\t\t\t\t\t<\/div>\n\t\t\t\t<\/div>\n\t\t\t\t\t<\/div>\n\t\t\t\t<\/div>\n\t\t<div class=\"elementor-element elementor-element-41bc0f0 e-con-full e-flex e-con e-parent\" data-id=\"41bc0f0\" data-element_type=\"container\" data-e-type=\"container\">\n\t\t\t\t<div class=\"elementor-element elementor-element-98631f7 elementor-widget elementor-widget-heading\" data-id=\"98631f7\" data-element_type=\"widget\" data-e-type=\"widget\" data-widget_type=\"heading.default\">\n\t\t\t\t\t<h2 class=\"elementor-heading-title elementor-size-default\">Derni\u00e8res publications<\/h2>\t\t\t\t<\/div>\n\t\t\t\t<div class=\"elementor-element elementor-element-e369c48 elementor-widget elementor-widget-shortcode\" data-id=\"e369c48\" data-element_type=\"widget\" data-e-type=\"widget\" data-widget_type=\"shortcode.default\">\n\t\t\t\t\t<div class='books_container'>\n                <span onclick='swipeLeft()' class='arrow left'><img src='https:\/\/www.collab.thedogm.com\/commerces\/livres\/template1\/wp-content\/uploads\/2026\/02\/emparr.png'\/><\/span>\n                <span onclick='swipeRight()' class='arrow right'><img src='https:\/\/www.collab.thedogm.com\/commerces\/livres\/template1\/wp-content\/uploads\/2026\/02\/emparr.png'\/><\/span>\n                <div class='books'>\n        \n\t\t        <div class='book_container' id='book_0' data-width=''>\n                    <div>\n                        <div>\n                            <img src='https:\/\/www.collab.thedogm.com\/commerces\/livres\/template1\/wp-content\/uploads\/2026\/02\/livre-1-1.png'\/>\n                            <div class='product_infos'>\n                                <div class='title'>Tu ne sauras pas avant d'avoir essay\u00e9<\/div>\n                                <div class='price'>30\u20ac<\/div>\n                            <\/div>\n                        <\/div>\n                        <div class='product_details'>\n                            <div>\n                                <div class='title'>Tu ne sauras pas avant d'avoir essay\u00e9<\/div>\n                                <div class='price'>30\u20ac<\/div>\n                                <div class='short_description'>Tout est dans le titre.<\/div>\n                            <\/div>\n                        <\/div>\n                    <\/div>\n                <\/div>\n            \n\t\t        <div class='book_container' id='book_1' data-width=''>\n                    <div>\n                        <div>\n                            <img src='https:\/\/www.collab.thedogm.com\/commerces\/livres\/template1\/wp-content\/uploads\/2026\/02\/14.png'\/>\n                            <div class='product_infos'>\n                                <div class='title'>Fier et preux<\/div>\n                                <div class='price'>25\u20ac<\/div>\n                            <\/div>\n                        <\/div>\n                        <div class='product_details'>\n                            <div>\n                                <div class='title'>Fier et preux<\/div>\n                                <div class='price'>25\u20ac<\/div>\n                                <div class='short_description'>Des r\u00e9cits pleins de le\u00e7ons.<\/div>\n                            <\/div>\n                        <\/div>\n                    <\/div>\n                <\/div>\n            \n\t\t        <div class='book_container' id='book_2' data-width=''>\n                    <div>\n                        <div>\n                            <img src='https:\/\/www.collab.thedogm.com\/commerces\/livres\/template1\/wp-content\/uploads\/2026\/02\/livre-3.png'\/>\n                            <div class='product_infos'>\n                                <div class='title'>Simplicit\u00e9 et humilit\u00e9.<\/div>\n                                <div class='price'>20\u20ac<\/div>\n                            <\/div>\n                        <\/div>\n                        <div class='product_details'>\n                            <div>\n                                <div class='title'>Simplicit\u00e9 et humilit\u00e9.<\/div>\n                                <div class='price'>20\u20ac<\/div>\n                                <div class='short_description'>Un livre \u00e9crit en toute simplicit\u00e9 et humilit\u00e9, pour les gens simples et humbles.<\/div>\n                            <\/div>\n                        <\/div>\n                    <\/div>\n                <\/div>\n            \n\t\t        <div class='book_container' id='book_3' data-width=''>\n                    <div>\n                        <div>\n                            <img src='https:\/\/www.collab.thedogm.com\/commerces\/livres\/template1\/wp-content\/uploads\/2026\/02\/stories.png'\/>\n                            <div class='product_infos'>\n                                <div class='title'>Histoire du pass\u00e9 que tout le monde devrait connaitre<\/div>\n                                <div class='price'>35\u20ac<\/div>\n                            <\/div>\n                        <\/div>\n                        <div class='product_details'>\n                            <div>\n                                <div class='title'>Histoire du pass\u00e9 que tout le monde devrait connaitre<\/div>\n                                <div class='price'>35\u20ac<\/div>\n                                <div class='short_description'>L'histoire se r\u00e9p\u00e8te. Tous les probl\u00e8mes actuels ne sont pas nouveaux, alors quoi de mieux que les exp\u00e9riences pass\u00e9 pour mieux les comprendre et les appr\u00e9hender.<\/div>\n                            <\/div>\n                        <\/div>\n                    <\/div>\n                <\/div>\n            \n\t\t        <div class='book_container' id='book_4' data-width=''>\n                    <div>\n                        <div>\n                            <img src='https:\/\/www.collab.thedogm.com\/commerces\/livres\/template1\/wp-content\/uploads\/2026\/02\/livre4.png'\/>\n                            <div class='product_infos'>\n                                <div class='title'>Je dis non.<\/div>\n                                <div class='price'>20\u20ac<\/div>\n                            <\/div>\n                        <\/div>\n                        <div class='product_details'>\n                            <div>\n                                <div class='title'>Je dis non.<\/div>\n                                <div class='price'>20\u20ac<\/div>\n                                <div class='short_description'>Un livre pour le moins ... positif.<\/div>\n                            <\/div>\n                        <\/div>\n                    <\/div>\n                <\/div>\n            \n\t\t        <div class='book_container' id='book_5' data-width=''>\n                    <div>\n                        <div>\n                            <img src='https:\/\/www.collab.thedogm.com\/commerces\/livres\/template1\/wp-content\/uploads\/2026\/02\/livre3-1.png'\/>\n                            <div class='product_infos'>\n                                <div class='title'>Pourquoi ?<\/div>\n                                <div class='price'>30\u20ac<\/div>\n                            <\/div>\n                        <\/div>\n                        <div class='product_details'>\n                            <div>\n                                <div class='title'>Pourquoi ?<\/div>\n                                <div class='price'>30\u20ac<\/div>\n                                <div class='short_description'>Voici une description tr\u00e8s courte de l'ouvrage \"Pourquoi ?\".<\/div>\n                            <\/div>\n                        <\/div>\n                    <\/div>\n                <\/div>\n            \n\t\t        <div class='book_container' id='book_6' data-width=''>\n                    <div>\n                        <div>\n                            <img src='https:\/\/www.collab.thedogm.com\/commerces\/livres\/template1\/wp-content\/uploads\/2026\/02\/livre-1.png'\/>\n                            <div class='product_infos'>\n                                <div class='title'>Un livre que vous devriez lire<\/div>\n                                <div class='price'>25\u20ac<\/div>\n                            <\/div>\n                        <\/div>\n                        <div class='product_details'>\n                            <div>\n                                <div class='title'>Un livre que vous devriez lire<\/div>\n                                <div class='price'>25\u20ac<\/div>\n                                <div class='short_description'>Laissez moi vous pr\u00e9senter ce livre. Un livre dont vous ne doutez d'\u00e0 quel point vous en avez besoin. Mais vous pouvez le d\u00e9couvrir en le lisant. Seulement, pour le lire, vous devez prendre la d\u00e9cision de le faire et cette d\u00e9cision vous appartient.<\/div>\n                            <\/div>\n                        <\/div>\n                    <\/div>\n                <\/div>\n            <\/div><\/div>\t\t<div class=\"elementor-shortcode\"><\/div>\n\t\t\t\t\t\t<\/div>\n\t\t\t\t<\/div>\n\t\t<div class=\"elementor-element elementor-element-bf26dab e-flex e-con-boxed e-con e-parent\" data-id=\"bf26dab\" data-element_type=\"container\" data-e-type=\"container\" data-settings=\"{&quot;background_background&quot;:&quot;classic&quot;}\">\n\t\t\t\t\t<div class=\"e-con-inner\">\n\t\t<div class=\"elementor-element elementor-element-4f0a484 e-con-full e-flex e-con e-child\" data-id=\"4f0a484\" data-element_type=\"container\" data-e-type=\"container\">\n\t\t\t\t<div class=\"elementor-element elementor-element-4dc083a elementor-widget elementor-widget-image\" data-id=\"4dc083a\" data-element_type=\"widget\" data-e-type=\"widget\" data-widget_type=\"image.default\">\n\t\t\t\t\t\t\t\t\t\t\t\t\t\t\t<img decoding=\"async\" width=\"700\" height=\"700\" src=\"https:\/\/www.collab.thedogm.com\/commerces\/livres\/template1\/wp-content\/uploads\/2026\/02\/10.png\" class=\"attachment-large size-large wp-image-52\" alt=\"\" srcset=\"https:\/\/www.collab.thedogm.com\/commerces\/livres\/template1\/wp-content\/uploads\/2026\/02\/10.png 700w, https:\/\/www.collab.thedogm.com\/commerces\/livres\/template1\/wp-content\/uploads\/2026\/02\/10-300x300.png 300w, https:\/\/www.collab.thedogm.com\/commerces\/livres\/template1\/wp-content\/uploads\/2026\/02\/10-150x150.png 150w, https:\/\/www.collab.thedogm.com\/commerces\/livres\/template1\/wp-content\/uploads\/2026\/02\/10-600x600.png 600w, https:\/\/www.collab.thedogm.com\/commerces\/livres\/template1\/wp-content\/uploads\/2026\/02\/10-100x100.png 100w\" sizes=\"(max-width: 700px) 100vw, 700px\" \/>\t\t\t\t\t\t\t\t\t\t\t\t\t\t\t<\/div>\n\t\t\t\t<\/div>\n\t\t<div class=\"elementor-element elementor-element-0cb70ec e-con-full e-flex e-con e-child\" data-id=\"0cb70ec\" data-element_type=\"container\" data-e-type=\"container\">\n\t\t\t\t<div class=\"elementor-element elementor-element-e37e296 elementor-widget elementor-widget-heading\" data-id=\"e37e296\" data-element_type=\"widget\" data-e-type=\"widget\" data-widget_type=\"heading.default\">\n\t\t\t\t\t<h2 class=\"elementor-heading-title elementor-size-default\">Mot de l'auteur<\/h2>\t\t\t\t<\/div>\n\t\t\t\t<div class=\"elementor-element elementor-element-276e156 elementor-widget elementor-widget-text-editor\" data-id=\"276e156\" data-element_type=\"widget\" data-e-type=\"widget\" data-widget_type=\"text-editor.default\">\n\t\t\t\t\t\t\t\t\t<p>Un petit texte qui permet d&rsquo;en savoir plus sur l&rsquo;ami qui vous veut du bien et aussi, peut-\u00eatre, si vous le voulez bien, sur pourquoi il vous veut du bien.<\/p>\t\t\t\t\t\t\t\t<\/div>\n\t\t\t\t<div class=\"elementor-element elementor-element-b88e53d elementor-widget elementor-widget-text-editor\" data-id=\"b88e53d\" data-element_type=\"widget\" data-e-type=\"widget\" data-widget_type=\"text-editor.default\">\n\t\t\t\t\t\t\t\t\t<p>L&rsquo;ami qui vous veut du bien<\/p>\t\t\t\t\t\t\t\t<\/div>\n\t\t\t\t<\/div>\n\t\t\t\t\t<\/div>\n\t\t\t\t<\/div>\n\t\t<div class=\"elementor-element elementor-element-8b1e517 e-flex e-con-boxed e-con e-parent\" data-id=\"8b1e517\" data-element_type=\"container\" data-e-type=\"container\">\n\t\t\t\t\t<div class=\"e-con-inner\">\n\t\t\t\t<div class=\"elementor-element elementor-element-4a3b6a9 elementor-widget elementor-widget-heading\" data-id=\"4a3b6a9\" data-element_type=\"widget\" data-e-type=\"widget\" data-widget_type=\"heading.default\">\n\t\t\t\t\t<h2 class=\"elementor-heading-title elementor-size-default\">Contacts<\/h2>\t\t\t\t<\/div>\n\t\t\t\t<div class=\"elementor-element elementor-element-10cb313 elementor-widget elementor-widget-wpforms\" data-id=\"10cb313\" data-element_type=\"widget\" data-e-type=\"widget\" data-widget_type=\"wpforms.default\">\n\t\t\t\t<div class=\"elementor-widget-container\">\n\t\t\t\t\t<div class=\"wpforms-container wpforms-container-full wpforms-render-modern\" id=\"wpforms-81\"><form id=\"wpforms-form-81\" class=\"wpforms-validate wpforms-form wpforms-ajax-form\" data-formid=\"81\" method=\"post\" enctype=\"multipart\/form-data\" action=\"\/commerces\/livres\/template1\/index.php?rest_route=%2Fwp%2Fv2%2Fpages%2F11\" data-token=\"4c1d00af1389babb6f5ca5b6c8066a08\" data-token-time=\"1776166491\"><noscript class=\"wpforms-error-noscript\">Veuillez activer JavaScript dans votre navigateur pour remplir ce formulaire.<\/noscript><div id=\"wpforms-error-noscript\" style=\"display: none;\">Veuillez activer JavaScript dans votre navigateur pour remplir ce formulaire.<\/div><div class=\"wpforms-field-container\">\t\t<div id=\"wpforms-81-field_1-container\"\n\t\t\tclass=\"wpforms-field wpforms-field-text\"\n\t\t\tdata-field-type=\"text\"\n\t\t\tdata-field-id=\"1\"\n\t\t\t>\n\t\t\t<label class=\"wpforms-field-label\" for=\"wpforms-81-field_1\" >Message du E-mail<\/label>\n\t\t\t<input type=\"text\" id=\"wpforms-81-field_1\" class=\"wpforms-field-medium\" name=\"wpforms[fields][1]\" >\n\t\t<\/div>\n\t\t<div id=\"wpforms-81-field_3-container\" class=\"wpforms-field wpforms-field-name\" data-field-id=\"3\"><fieldset><legend class=\"wpforms-field-label\">Nom <span class=\"wpforms-required-label\" aria-hidden=\"true\">*<\/span><\/legend><div class=\"wpforms-field-row wpforms-field-large\"><div class=\"wpforms-field-row-block wpforms-first wpforms-one-half\"><input type=\"text\" id=\"wpforms-81-field_3\" class=\"wpforms-field-name-first wpforms-field-required\" name=\"wpforms[fields][3][first]\" aria-errormessage=\"wpforms-81-field_3-error\" required><label for=\"wpforms-81-field_3\" class=\"wpforms-field-sublabel after\">Pr\u00e9nom<\/label><\/div><div class=\"wpforms-field-row-block wpforms-one-half\"><input type=\"text\" id=\"wpforms-81-field_3-last\" class=\"wpforms-field-name-last wpforms-field-required\" name=\"wpforms[fields][3][last]\" aria-errormessage=\"wpforms-81-field_3-last-error\" required><label for=\"wpforms-81-field_3-last\" class=\"wpforms-field-sublabel after\">Nom<\/label><\/div><\/div><\/fieldset><\/div><div id=\"wpforms-81-field_2-container\" class=\"wpforms-field wpforms-field-email\" data-field-id=\"2\"><label class=\"wpforms-field-label\" for=\"wpforms-81-field_2\">E-mail <span class=\"wpforms-required-label\" aria-hidden=\"true\">*<\/span><\/label><input type=\"email\" id=\"wpforms-81-field_2\" class=\"wpforms-field-large wpforms-field-required\" name=\"wpforms[fields][2]\" spellcheck=\"false\" aria-errormessage=\"wpforms-81-field_2-error\" required><\/div><div id=\"wpforms-81-field_4-container\" class=\"wpforms-field wpforms-field-select wpforms-field-select-style-classic\" data-field-id=\"4\"><label class=\"wpforms-field-label\" for=\"wpforms-81-field_4\">Objet du message <span class=\"wpforms-required-label\" aria-hidden=\"true\">*<\/span><\/label><select id=\"wpforms-81-field_4\" class=\"wpforms-field-large wpforms-field-required\" name=\"wpforms[fields][4]\" required=\"required\"><option value=\"\" class=\"placeholder\" disabled  selected='selected'>--- S\u00e9lectionner un choix ---<\/option><option value=\"Commande\"  class=\"choice-1 depth-1\"  >Commande<\/option><option value=\"Informations\"  class=\"choice-2 depth-1\"  >Informations<\/option><option value=\"Remerciements\"  class=\"choice-3 depth-1\"  >Remerciements<\/option><option value=\"Autre\"  class=\"choice-4 depth-1\"  >Autre<\/option><\/select><\/div><div id=\"wpforms-81-field_5-container\" class=\"wpforms-field wpforms-field-textarea\" data-field-id=\"5\"><label class=\"wpforms-field-label\" for=\"wpforms-81-field_5\">Message <span class=\"wpforms-required-label\" aria-hidden=\"true\">*<\/span><\/label><textarea id=\"wpforms-81-field_5\" class=\"wpforms-field-medium wpforms-field-required\" name=\"wpforms[fields][5]\" aria-errormessage=\"wpforms-81-field_5-error\" required><\/textarea><\/div><script>\n\t\t\t\t( function() {\n\t\t\t\t\tconst style = document.createElement( 'style' );\n\t\t\t\t\tstyle.appendChild( document.createTextNode( '#wpforms-81-field_1-container { position: absolute !important; overflow: hidden !important; display: inline !important; height: 1px !important; width: 1px !important; z-index: -1000 !important; padding: 0 !important; } #wpforms-81-field_1-container input { visibility: hidden; } #wpforms-conversational-form-page #wpforms-81-field_1-container label { counter-increment: none; }' ) );\n\t\t\t\t\tdocument.head.appendChild( style );\n\t\t\t\t\tdocument.currentScript?.remove();\n\t\t\t\t} )();\n\t\t\t<\/script><\/div><!-- .wpforms-field-container --><div class=\"wpforms-submit-container\" ><input type=\"hidden\" name=\"wpforms[id]\" value=\"81\"><input type=\"hidden\" name=\"page_title\" value=\"\"><input type=\"hidden\" name=\"page_url\" value=\"https:\/\/www.collab.thedogm.com\/commerces\/livres\/template1\/index.php?rest_route=\/wp\/v2\/pages\/11\"><input type=\"hidden\" name=\"url_referer\" value=\"\"><button type=\"submit\" name=\"wpforms[submit]\" id=\"wpforms-submit-81\" class=\"wpforms-submit\" data-alt-text=\"Envoi...\" data-submit-text=\"Envoyer\" aria-live=\"assertive\" value=\"wpforms-submit\">Envoyer<\/button><img decoding=\"async\" src=\"https:\/\/www.collab.thedogm.com\/commerces\/livres\/template1\/wp-content\/plugins\/wpforms-lite\/assets\/images\/submit-spin.svg\" class=\"wpforms-submit-spinner\" style=\"display: none;\" width=\"26\" height=\"26\" alt=\"Chargement en cours\"><\/div><\/form><\/div>  <!-- .wpforms-container -->\t\t\t\t<\/div>\n\t\t\t\t<\/div>\n\t\t\t\t\t<\/div>\n\t\t\t\t<\/div>\n\t\t\t\t<\/div>\n\t\t","protected":false},"excerpt":{"rendered":"<p>Derni\u00e8re publication Ici le titre du livre \u00ab\u00a0Une longue phrase d&rsquo;accroche qui marque les esprits et qui donne une id\u00e9e sur le contenu du livre\u00a0\u00bb &#8211; L&rsquo;ami qui vous veut du bien Derni\u00e8res publications Mot de l&rsquo;auteur Un petit texte qui permet d&rsquo;en savoir plus sur l&rsquo;ami qui vous veut du bien et aussi, peut-\u00eatre, [&hellip;]<\/p>\n","protected":false},"author":1,"featured_media":0,"parent":0,"menu_order":0,"comment_status":"closed","ping_status":"closed","template":"","meta":{"footnotes":""},"class_list":["post-11","page","type-page","status-publish","hentry"],"_links":{"self":[{"href":"https:\/\/www.collab.thedogm.com\/commerces\/livres\/template1\/index.php?rest_route=\/wp\/v2\/pages\/11","targetHints":{"allow":["GET"]}}],"collection":[{"href":"https:\/\/www.collab.thedogm.com\/commerces\/livres\/template1\/index.php?rest_route=\/wp\/v2\/pages"}],"about":[{"href":"https:\/\/www.collab.thedogm.com\/commerces\/livres\/template1\/index.php?rest_route=\/wp\/v2\/types\/page"}],"author":[{"embeddable":true,"href":"https:\/\/www.collab.thedogm.com\/commerces\/livres\/template1\/index.php?rest_route=\/wp\/v2\/users\/1"}],"replies":[{"embeddable":true,"href":"https:\/\/www.collab.thedogm.com\/commerces\/livres\/template1\/index.php?rest_route=%2Fwp%2Fv2%2Fcomments&post=11"}],"version-history":[{"count":43,"href":"https:\/\/www.collab.thedogm.com\/commerces\/livres\/template1\/index.php?rest_route=\/wp\/v2\/pages\/11\/revisions"}],"predecessor-version":[{"id":103,"href":"https:\/\/www.collab.thedogm.com\/commerces\/livres\/template1\/index.php?rest_route=\/wp\/v2\/pages\/11\/revisions\/103"}],"wp:attachment":[{"href":"https:\/\/www.collab.thedogm.com\/commerces\/livres\/template1\/index.php?rest_route=%2Fwp%2Fv2%2Fmedia&parent=11"}],"curies":[{"name":"wp","href":"https:\/\/api.w.org\/{rel}","templated":true}]}}